{"id":1188,"date":"2017-07-18T22:03:19","date_gmt":"2017-07-18T22:03:19","guid":{"rendered":"http:\/\/cdvo.ca\/services\/traitements-esthetiques-gatineau\/"},"modified":"2018-08-22T20:09:57","modified_gmt":"2018-08-22T20:09:57","slug":"aesthetic-treatments-gatineau","status":"publish","type":"page","link":"https:\/\/cdvo.ca\/en\/services\/aesthetic-treatments-gatineau\/","title":{"rendered":"Aesthetic Treatments"},"content":{"rendered":"<p>[et_pb_section bb_built=&#8221;1&#8243; fullwidth=&#8221;on&#8221; _builder_version=&#8221;3.0.59&#8243; custom_padding=&#8221;0px|0px|0px|0px&#8221; next_background_color=&#8221;#7d7864&#8243;][et_pb_fullwidth_slider _builder_version=&#8221;3.8&#8243; parallax=&#8221;on&#8221; box_shadow_style=&#8221;preset6&#8243; box_shadow_blur=&#8221;10px&#8221; box_shadow_color=&#8221;rgba(0,0,0,0.1)&#8221; custom_padding=&#8221;|||&#8221; show_inner_shadow=&#8221;on&#8221;][et_pb_slide use_bg_overlay=&#8221;on&#8221; use_text_overlay=&#8221;off&#8221; _builder_version=&#8221;3.8&#8243; header_font=&#8221;||||&#8221; body_font=&#8221;||||&#8221; background_image=&#8221;http:\/\/cdvo.ca\/wp-content\/uploads\/2017\/07\/cdvo-aesthetic.jpg&#8221; button_on_hover=&#8221;on&#8221;]<\/p>\n<h1 style=\"text-align: center;\">Clinique Dentaire des Vall\u00e9es des Outaouais<br \/>\n<strong>Aesthetic Treatments<\/strong><br \/>\nWhitening and Veneers<\/h1>\n<p>[\/et_pb_slide][\/et_pb_fullwidth_slider][\/et_pb_section][et_pb_section bb_built=&#8221;1&#8243; _builder_version=&#8221;3.0.74&#8243; background_color=&#8221;#7d7864&#8243; custom_padding=&#8221;0px|0px|0px|0px&#8221; prev_background_color=&#8221;#ffffff&#8221; next_background_color=&#8221;#ffffff&#8221;][et_pb_row custom_padding=&#8221;5px|0px|5px|0px&#8221; _builder_version=&#8221;3.0.59&#8243; background_size=&#8221;initial&#8221; background_position=&#8221;top_left&#8221; background_repeat=&#8221;repeat&#8221;][et_pb_column type=&#8221;4_4&#8243;][et_pb_dcsbcm_divi_breadcrumbs_module hide_homebreadcrumb=&#8221;off&#8221; separator=&#8221;sep-raquo&#8221; hide_currentbreadcrumb=&#8221;off&#8221; homebreadcrumborientation=&#8221;left&#8221; background_layout=&#8221;dark&#8221; _builder_version=&#8221;3.0.59&#8243; fontsbreadcrumbs_font_size_tablet=&#8221;51&#8243; fontsbreadcrumbs_line_height_tablet=&#8221;2&#8243; fontsseperator_font_size_tablet=&#8221;51&#8243; fontsseperator_letter_spacing=&#8221;15px&#8221; fontsseperator_line_height_tablet=&#8221;2&#8243; fontsbreadcrumblinks_text_color=&#8221;#312b12&#8243; fontsbreadcrumblinks_font_size_tablet=&#8221;51&#8243; fontsbreadcrumblinks_line_height_tablet=&#8221;2&#8243;]<\/p>\n<p>&lt;div class=&#8221;dcsbcm_divi_breadcrumbs_wrapper clearfix et_pb_module et_pb_bg_layout_light et_pb_dcsbcm_divi_breadcrumbs_module_1&#8243;&gt;<br \/>\n&lt;div class=&#8221;dcsbcm_divi_breadcrumbs&#8221;&gt;&lt;span class=&#8221;dcsbcm_divi_breadcrumb&#8221;&gt;&lt;a href=&#8221;http:\/\/cdvo.ca\/&#8221; rel=&#8221;v:url&#8221;&gt;Home&lt;\/a&gt;&lt;\/span&gt;&lt;span class=&#8221;dcsbcm_separator&#8221;&gt;\u00a0\u00bb\u00a0&lt;\/span&gt;&lt;\/div&gt;<br \/>\n&lt;\/div&gt;<br \/>\n&lt;!&#8211; .dcsbcm_divi_breadcrumbs_wrapper &#8211;&gt;<\/p>\n<p>[\/et_pb_dcsbcm_divi_breadcrumbs_module][\/et_pb_column][\/et_pb_row][\/et_pb_section][et_pb_section bb_built=&#8221;1&#8243; specialty=&#8221;on&#8221; _builder_version=&#8221;3.0.47&#8243; custom_padding=&#8221;54px|0px|0|0px|false|false&#8221; prev_background_color=&#8221;#7d7864&#8243;][et_pb_column type=&#8221;3_4&#8243; specialty_columns=&#8221;3&#8243;][et_pb_row_inner admin_label=&#8221;Row&#8221; _builder_version=&#8221;3.0.47&#8243; custom_padding=&#8221;29.6875px|0px|0|0px|false|false&#8221;][et_pb_column_inner type=&#8221;4_4&#8243; saved_specialty_column_type=&#8221;3_4&#8243;][et_pb_text _builder_version=&#8221;3.1.1&#8243;]<\/p>\n<p>Dental esthetics brings together all the techniques that make it possible to have beautiful teeth. A beautiful dentition is often the expression of a certain social status.<\/p>\n<p>At the Clinique Dentaire des Vall\u00e9es de l\u2019Outaouais, we favor the appearance of our patients because it is a vital asset that helps to facilitate relationships. It helps to strengthen social and professional ties and also builds self-esteem.<\/p>\n<p>[\/et_pb_text][et_pb_image src=&#8221;http:\/\/cdvo.ca\/wp-content\/uploads\/2017\/07\/cdvo-aesthetic-2.jpg&#8221; _builder_version=&#8221;3.8&#8243; animation_style=&#8221;fade&#8221; animation_duration=&#8221;500ms&#8221; animation=&#8221;fade_in&#8221; \/][et_pb_text _builder_version=&#8221;3.1.1&#8243;]<\/p>\n<h2><b>Dental Veneers<\/b><\/h2>\n<p>Veneers are one of the techniques of esthetic rehabilitation of the smile where the results are most impressive.<\/p>\n<p>The facet is a porcelain covering partially or fully covering the visible part of an anterior tooth that our dentists in Hull do professionally. Veneers can be used to hide some defects that may be the texture, color, shape, position of the teeth or internal tasks.<\/p>\n<p>Nowadays, a dentist does not only correct a small, isolated defect, but at the same time embellishes all the teeth. At the Clinique Dentaire des Vall\u00e9es de l\u2019Outaouais, we are completely recreating a new smile. It then becomes more regular as well as brightening whiteness.<\/p>\n<p>[\/et_pb_text][\/et_pb_column_inner][\/et_pb_row_inner][et_pb_row_inner admin_label=&#8221;Row&#8221; _builder_version=&#8221;3.8&#8243; use_custom_gutter=&#8221;on&#8221; gutter_width=&#8221;2&#8243;][et_pb_column_inner type=&#8221;1_2&#8243; saved_specialty_column_type=&#8221;3_4&#8243;][et_pb_image src=&#8221;http:\/\/cdvo.ca\/wp-content\/uploads\/2017\/07\/CDVO-facette-2.jpg&#8221; _builder_version=&#8221;3.8&#8243; \/][et_pb_text text_orientation=&#8221;center&#8221; _builder_version=&#8221;3.8&#8243; text_font=&#8221;||||||||&#8221;]<\/p>\n<p>Before<\/p>\n<p>[\/et_pb_text][\/et_pb_column_inner][et_pb_column_inner type=&#8221;1_2&#8243; saved_specialty_column_type=&#8221;3_4&#8243;][et_pb_image src=&#8221;http:\/\/cdvo.ca\/wp-content\/uploads\/2017\/07\/CDVO-facette-1.jpg&#8221; _builder_version=&#8221;3.8&#8243; \/][et_pb_text text_orientation=&#8221;center&#8221; _builder_version=&#8221;3.8&#8243; text_font=&#8221;||||||||&#8221;]<\/p>\n<p>After<\/p>\n<p>[\/et_pb_text][\/et_pb_column_inner][\/et_pb_row_inner][et_pb_row_inner _builder_version=&#8221;3.8&#8243; custom_padding=&#8221;29.6875px|0px|0|0px|false|false&#8221;][et_pb_column_inner type=&#8221;4_4&#8243; saved_specialty_column_type=&#8221;3_4&#8243;][et_pb_text _builder_version=&#8221;3.1.1&#8243;]<\/p>\n<h2><b>Whiten your teeth<\/b><\/h2>\n<p>Teeth whitening is a technique that allows a person to regain a bright smile they are proud of.<\/p>\n<p><g class=\"gr_ gr_10 gr-alert gr_gramm gr_inline_cards gr_run_anim Grammar only-ins doubleReplace replaceWithoutSep\" id=\"10\" data-gr-id=\"10\">Thorough<\/g> examination of the teeth and gums is essential before starting any whitening treatment to eliminate the presence of cavities or gum recessions.<\/p>\n<p>In the blink of the valley of the out, the dentists will take fingerprints in order to realize fine and transparent gutters perfectly adapted to your mouth. Gel syringes will be given to you for applications made at home. It is recommended to do ten to fourteen applications of 45 minutes per evening.<\/p>\n<p>[\/et_pb_text][\/et_pb_column_inner][\/et_pb_row_inner][et_pb_row_inner _builder_version=&#8221;3.8&#8243; custom_padding=&#8221;26px|0px|29.6875px|0px|false|false&#8221;][et_pb_column_inner type=&#8221;1_2&#8243; saved_specialty_column_type=&#8221;3_4&#8243;][et_pb_text _builder_version=&#8221;3.8&#8243;]<\/p>\n<p>The whitening treatment would be maintained for several years by a single application twice a year preferably on the evening of your cleansing session.<\/p>\n<p>At the Clinique Dentaire des Vall\u00e9es de l\u2019Outaouais, patients always display perfect dentition, such as we see more and more among journalists, actors or television presenters.<\/p>\n<p>\u00c0 la clinique dentaire des Vall\u00e9es de l&#8217;Outaouais, les patients affichent toujours une dentition parfaite, comme celle que l\u2019on remarque de plus en plus chez les journalistes, les acteurs ou les pr\u00e9sentateurs de t\u00e9l\u00e9vision.<\/p>\n<p>[\/et_pb_text][\/et_pb_column_inner][et_pb_column_inner type=&#8221;1_2&#8243; saved_specialty_column_type=&#8221;3_4&#8243;][et_pb_image src=&#8221;http:\/\/cdvo.ca\/wp-content\/uploads\/2017\/07\/cdvo-aestheitc-3.jpg&#8221; _builder_version=&#8221;3.8&#8243; \/][\/et_pb_column_inner][\/et_pb_row_inner][et_pb_row_inner _builder_version=&#8221;3.8&#8243;][et_pb_column_inner type=&#8221;4_4&#8243; saved_specialty_column_type=&#8221;3_4&#8243;][et_pb_blurb title=&#8221;Do you need an emergency appointment?&#8221; use_icon=&#8221;on&#8221; font_icon=&#8221;%%264%%&#8221; icon_color=&#8221;#ffffff&#8221; icon_placement=&#8221;left&#8221; use_icon_font_size=&#8221;on&#8221; icon_font_size=&#8221;52px&#8221; _builder_version=&#8221;3.1.1&#8243; background_color=&#8221;#423f34&#8243; background_layout=&#8221;dark&#8221; custom_padding=&#8221;20px|20px|20px|20px&#8221; animation=&#8221;left&#8221; custom_css_main_element=&#8221;border-radius: 0.5em;&#8221; saved_tabs=&#8221;all&#8221;]<\/p>\n<h2>Call us at <a href=\"tel:819-777-6492\">819-777-6492<\/a><\/h2>\n<p>[\/et_pb_blurb][\/et_pb_column_inner][\/et_pb_row_inner][\/et_pb_column][et_pb_column type=&#8221;1_4&#8243;][et_pb_sidebar area=&#8221;sidebar-1&#8243; _builder_version=&#8221;3.0.74&#8243; \/][et_pb_cta title=&#8221;Get in touch&#8221; button_url=&#8221;\/contact\/&#8221; button_text=&#8221;Contact us&#8221; _builder_version=&#8221;3.1.1&#8243; background_color=&#8221;rgba(49,43,18,0.8)&#8221; background_image=&#8221;http:\/\/cdvo.ca\/wp-content\/uploads\/2017\/07\/clinique-dentaire-des-vallees-de-outaouais-x-ray2.jpg&#8221; background_blend=&#8221;multiply&#8221;]<\/p>\n<p>Schedule an appointment online or by phone<\/p>\n<p>[\/et_pb_cta][\/et_pb_column][\/et_pb_section]<\/p>\n","protected":false},"excerpt":{"rendered":"<p>Clinique Dentaire des Vall\u00e9es des Outaouais Aesthetic Treatments Whitening and Veneers &lt;div class=&#8221;dcsbcm_divi_breadcrumbs_wrapper clearfix et_pb_module et_pb_bg_layout_light et_pb_dcsbcm_divi_breadcrumbs_module_1&#8243;&gt; &lt;div class=&#8221;dcsbcm_divi_breadcrumbs&#8221;&gt;&lt;span class=&#8221;dcsbcm_divi_breadcrumb&#8221;&gt;&lt;a href=&#8221;http:\/\/cdvo.ca\/&#8221; rel=&#8221;v:url&#8221;&gt;Home&lt;\/a&gt;&lt;\/span&gt;&lt;span class=&#8221;dcsbcm_separator&#8221;&gt;\u00a0\u00bb\u00a0&lt;\/span&gt;&lt;\/div&gt; &lt;\/div&gt; &lt;!&#8211; .dcsbcm_divi_breadcrumbs_wrapper &#8211;&gt; Dental esthetics brings together all the techniques that make it possible to have beautiful teeth. A beautiful dentition is often the expression of a certain social status. At [&hellip;]<\/p>\n","protected":false},"author":1,"featured_media":0,"parent":1126,"menu_order":0,"comment_status":"closed","ping_status":"closed","template":"","meta":{"_et_pb_use_builder":"on","_et_pb_old_content":"","_et_gb_content_width":"","footnotes":""},"class_list":["post-1188","page","type-page","status-publish","hentry"],"_links":{"self":[{"href":"https:\/\/cdvo.ca\/en\/wp-json\/wp\/v2\/pages\/1188","targetHints":{"allow":["GET"]}}],"collection":[{"href":"https:\/\/cdvo.ca\/en\/wp-json\/wp\/v2\/pages"}],"about":[{"href":"https:\/\/cdvo.ca\/en\/wp-json\/wp\/v2\/types\/page"}],"author":[{"embeddable":true,"href":"https:\/\/cdvo.ca\/en\/wp-json\/wp\/v2\/users\/1"}],"replies":[{"embeddable":true,"href":"https:\/\/cdvo.ca\/en\/wp-json\/wp\/v2\/comments?post=1188"}],"version-history":[{"count":12,"href":"https:\/\/cdvo.ca\/en\/wp-json\/wp\/v2\/pages\/1188\/revisions"}],"predecessor-version":[{"id":1908,"href":"https:\/\/cdvo.ca\/en\/wp-json\/wp\/v2\/pages\/1188\/revisions\/1908"}],"up":[{"embeddable":true,"href":"https:\/\/cdvo.ca\/en\/wp-json\/wp\/v2\/pages\/1126"}],"wp:attachment":[{"href":"https:\/\/cdvo.ca\/en\/wp-json\/wp\/v2\/media?parent=1188"}],"curies":[{"name":"wp","href":"https:\/\/api.w.org\/{rel}","templated":true}]}}